{"id":4201,"date":"2024-01-09T12:39:27","date_gmt":"2024-01-09T18:39:27","guid":{"rendered":"https:\/\/digitalwebpix.com\/op\/?post_type=product&#038;p=4201"},"modified":"2024-12-20T18:25:39","modified_gmt":"2024-12-21T00:25:39","slug":"tartara-de-salmon","status":"publish","type":"product","link":"https:\/\/digitalwebpix.com\/op\/producto\/tartara-de-salmon\/","title":{"rendered":"T\u00e1rtara de Salm\u00f3n"},"content":{"rendered":"<p>Salm\u00f3n fresco finamente picado, aderezado con aceite de oliva, cebolla y tomate<\/p>\n","protected":false},"excerpt":{"rendered":"<p>Salm\u00f3n fresco finamente picado, aderezado con aceite de oliva, cebolla y tomate<\/p>\n","protected":false},"featured_media":4228,"comment_status":"closed","ping_status":"closed","template":"","meta":{"neve_meta_sidebar":"","neve_meta_container":"","neve_meta_enable_content_width":"","neve_meta_content_width":0,"neve_meta_title_alignment":"","neve_meta_author_avatar":"","neve_post_elements_order":"","neve_meta_disable_header":"","neve_meta_disable_footer":"","neve_meta_disable_title":""},"product_brand":[],"product_cat":[143],"product_tag":[],"class_list":{"0":"post-4201","1":"product","2":"type-product","3":"status-publish","4":"has-post-thumbnail","6":"product_cat-seafood","8":"first","9":"instock","10":"shipping-taxable","11":"purchasable","12":"product-type-simple"},"_links":{"self":[{"href":"https:\/\/digitalwebpix.com\/op\/wp-json\/wp\/v2\/product\/4201","targetHints":{"allow":["GET"]}}],"collection":[{"href":"https:\/\/digitalwebpix.com\/op\/wp-json\/wp\/v2\/product"}],"about":[{"href":"https:\/\/digitalwebpix.com\/op\/wp-json\/wp\/v2\/types\/product"}],"replies":[{"embeddable":true,"href":"https:\/\/digitalwebpix.com\/op\/wp-json\/wp\/v2\/comments?post=4201"}],"version-history":[{"count":0,"href":"https:\/\/digitalwebpix.com\/op\/wp-json\/wp\/v2\/product\/4201\/revisions"}],"wp:featuredmedia":[{"embeddable":true,"href":"https:\/\/digitalwebpix.com\/op\/wp-json\/wp\/v2\/media\/4228"}],"wp:attachment":[{"href":"https:\/\/digitalwebpix.com\/op\/wp-json\/wp\/v2\/media?parent=4201"}],"wp:term":[{"taxonomy":"product_brand","embeddable":true,"href":"https:\/\/digitalwebpix.com\/op\/wp-json\/wp\/v2\/product_brand?post=4201"},{"taxonomy":"product_cat","embeddable":true,"href":"https:\/\/digitalwebpix.com\/op\/wp-json\/wp\/v2\/product_cat?post=4201"},{"taxonomy":"product_tag","embeddable":true,"href":"https:\/\/digitalwebpix.com\/op\/wp-json\/wp\/v2\/product_tag?post=4201"}],"curies":[{"name":"wp","href":"https:\/\/api.w.org\/{rel}","templated":true}]}}