{"id":4197,"date":"2024-01-09T12:39:26","date_gmt":"2024-01-09T18:39:26","guid":{"rendered":"https:\/\/digitalwebpix.com\/op\/?post_type=product&#038;p=4197"},"modified":"2024-12-20T18:30:07","modified_gmt":"2024-12-21T00:30:07","slug":"chef-salad","status":"publish","type":"product","link":"https:\/\/digitalwebpix.com\/op\/producto\/chef-salad\/","title":{"rendered":"Chef salad"},"content":{"rendered":"<p>Las ensaladas verdes tienen como base de preparaci\u00f3n las hojas verdes: lechuga, espinacas, r\u00facula, entre otras; no solo son f\u00e1ciles de hacer sino que si se logra una buena selecci\u00f3n de los ingredientes<\/p>\n","protected":false},"excerpt":{"rendered":"<p>Las ensaladas verdes tienen como base de preparaci\u00f3n las hojas verdes<\/p>\n","protected":false},"featured_media":4222,"comment_status":"closed","ping_status":"closed","template":"","meta":{"neve_meta_sidebar":"","neve_meta_container":"","neve_meta_enable_content_width":"","neve_meta_content_width":0,"neve_meta_title_alignment":"","neve_meta_author_avatar":"","neve_post_elements_order":"","neve_meta_disable_header":"","neve_meta_disable_footer":"","neve_meta_disable_title":""},"product_brand":[],"product_cat":[145],"product_tag":[],"class_list":{"0":"post-4197","1":"product","2":"type-product","3":"status-publish","4":"has-post-thumbnail","6":"product_cat-salads","8":"first","9":"instock","10":"shipping-taxable","11":"purchasable","12":"product-type-simple"},"_links":{"self":[{"href":"https:\/\/digitalwebpix.com\/op\/wp-json\/wp\/v2\/product\/4197","targetHints":{"allow":["GET"]}}],"collection":[{"href":"https:\/\/digitalwebpix.com\/op\/wp-json\/wp\/v2\/product"}],"about":[{"href":"https:\/\/digitalwebpix.com\/op\/wp-json\/wp\/v2\/types\/product"}],"replies":[{"embeddable":true,"href":"https:\/\/digitalwebpix.com\/op\/wp-json\/wp\/v2\/comments?post=4197"}],"version-history":[{"count":0,"href":"https:\/\/digitalwebpix.com\/op\/wp-json\/wp\/v2\/product\/4197\/revisions"}],"wp:featuredmedia":[{"embeddable":true,"href":"https:\/\/digitalwebpix.com\/op\/wp-json\/wp\/v2\/media\/4222"}],"wp:attachment":[{"href":"https:\/\/digitalwebpix.com\/op\/wp-json\/wp\/v2\/media?parent=4197"}],"wp:term":[{"taxonomy":"product_brand","embeddable":true,"href":"https:\/\/digitalwebpix.com\/op\/wp-json\/wp\/v2\/product_brand?post=4197"},{"taxonomy":"product_cat","embeddable":true,"href":"https:\/\/digitalwebpix.com\/op\/wp-json\/wp\/v2\/product_cat?post=4197"},{"taxonomy":"product_tag","embeddable":true,"href":"https:\/\/digitalwebpix.com\/op\/wp-json\/wp\/v2\/product_tag?post=4197"}],"curies":[{"name":"wp","href":"https:\/\/api.w.org\/{rel}","templated":true}]}}